{"id":11,"date":"2024-09-13T14:53:23","date_gmt":"2024-09-13T12:53:23","guid":{"rendered":"https:\/\/sohbi.pl\/forms\/?page_id=11"},"modified":"2024-09-13T15:20:35","modified_gmt":"2024-09-13T13:20:35","slug":"zgloszenie-naruszenia","status":"publish","type":"page","link":"https:\/\/sohbi.pl\/forms\/zgloszenie-naruszenia\/","title":{"rendered":"Zg\u0142oszenie naruszenia"},"content":{"rendered":"\n<div class=\"wpcf7 no-js\" id=\"wpcf7-f9-o1\" lang=\"pl-PL\" dir=\"ltr\" data-wpcf7-id=\"9\">\n<div class=\"screen-reader-response\"><p role=\"status\" aria-live=\"polite\" aria-atomic=\"true\"><\/p> <ul><\/ul><\/div>\n<form action=\"\/forms\/wp-json\/wp\/v2\/pages\/11#wpcf7-f9-o1\" method=\"post\" class=\"wpcf7-form init\" aria-label=\"Formularz kontaktowy\" enctype=\"multipart\/form-data\" novalidate=\"novalidate\" data-status=\"init\">\n<fieldset class=\"hidden-fields-container\"><input type=\"hidden\" name=\"_wpcf7\" value=\"9\" \/><input type=\"hidden\" name=\"_wpcf7_version\" value=\"6.1.5\" \/><input type=\"hidden\" name=\"_wpcf7_locale\" value=\"pl_PL\" \/><input type=\"hidden\" name=\"_wpcf7_unit_tag\" value=\"wpcf7-f9-o1\" \/><input type=\"hidden\" name=\"_wpcf7_container_post\" value=\"0\" \/><input type=\"hidden\" name=\"_wpcf7_posted_data_hash\" value=\"\" \/>\n<\/fieldset>\n<h2>I. Osoba sk\u0142adaj\u0105ca Zg\u0142oszenie \u2013 Sygnalista\n<\/h2>\n<p><b>1) Imi\u0119 i Nazwisko:<\/b>\n<\/p>\n<p><span class=\"wpcf7-form-control-wrap\" data-name=\"fullname\"><input size=\"40\" maxlength=\"400\" class=\"wpcf7-form-control wpcf7-text wpcf7-validates-as-required\" aria-required=\"true\" aria-invalid=\"false\" value=\"\" type=\"text\" name=\"fullname\" \/><\/span>\n<\/p>\n<p><b>2) Relacja wzgl\u0119dem podmiotu do kt\u00f3rego kierowane jest zg\u0142oszenia (np. pracownik).<\/b>\n<\/p>\n<p><span class=\"wpcf7-form-control-wrap\" data-name=\"relation\"><input size=\"40\" maxlength=\"400\" class=\"wpcf7-form-control wpcf7-text wpcf7-validates-as-required\" aria-required=\"true\" aria-invalid=\"false\" value=\"\" type=\"text\" name=\"relation\" \/><\/span>\n<\/p>\n<p><b>3) Dane kontaktowe:<\/b>\n<\/p>\n<p><span class=\"wpcf7-form-control-wrap\" data-name=\"contactdata\"><input size=\"40\" maxlength=\"400\" class=\"wpcf7-form-control wpcf7-text wpcf7-validates-as-required\" aria-required=\"true\" aria-invalid=\"false\" value=\"\" type=\"text\" name=\"contactdata\" \/><\/span>\n<\/p>\n<h2>II. Osoba, kt\u00f3rych dzia\u0142a\u0144 lub zaniechania dotyczy Zg\u0142oszenie (je\u017celi dotyczy)\n<\/h2>\n<p><b>1) Imi\u0119 i Nazwisko:<\/b>\n<\/p>\n<p><span class=\"wpcf7-form-control-wrap\" data-name=\"fullname-2\"><input size=\"40\" maxlength=\"400\" class=\"wpcf7-form-control wpcf7-text wpcf7-validates-as-required\" aria-required=\"true\" aria-invalid=\"false\" value=\"\" type=\"text\" name=\"fullname-2\" \/><\/span>\n<\/p>\n<p><b>2) Relacja wzgl\u0119dem podmiotu do kt\u00f3rego dokonywane jest zg\u0142oszenie.<\/b>\n<\/p>\n<p><span class=\"wpcf7-form-control-wrap\" data-name=\"relation-2\"><input size=\"40\" maxlength=\"400\" class=\"wpcf7-form-control wpcf7-text wpcf7-validates-as-required\" aria-required=\"true\" aria-invalid=\"false\" value=\"\" type=\"text\" name=\"relation-2\" \/><\/span>\n<\/p>\n<h2>III. Zg\u0142aszane Naruszenie\n<\/h2>\n<p><b>1) Opis zg\u0142aszanego Naruszenia:<\/b>\n<\/p>\n<p><span class=\"wpcf7-form-control-wrap\" data-name=\"textarea-612\"><textarea cols=\"40\" rows=\"10\" maxlength=\"2000\" class=\"wpcf7-form-control wpcf7-textarea\" aria-invalid=\"false\" name=\"textarea-612\"><\/textarea><\/span>\n<\/p>\n<p><b>2) Miejsce i data wyst\u0105pienia Naruszenia:<\/b>\n<\/p>\n<p><span class=\"wpcf7-form-control-wrap\" data-name=\"date-516\"><input class=\"wpcf7-form-control wpcf7-date wpcf7-validates-as-date\" aria-invalid=\"false\" value=\"\" type=\"date\" name=\"date-516\" \/><\/span> Miejsce: <span class=\"wpcf7-form-control-wrap\" data-name=\"text-157\"><input size=\"40\" maxlength=\"400\" class=\"wpcf7-form-control wpcf7-text\" aria-invalid=\"false\" value=\"\" type=\"text\" name=\"text-157\" \/><\/span>\n<\/p>\n<p><b>3) W jaki spos\u00f3b dosz\u0142o do wyst\u0105pienia Naruszenia:<\/b>\n<\/p>\n<p><span class=\"wpcf7-form-control-wrap\" data-name=\"textarea-612\"><textarea cols=\"40\" rows=\"10\" maxlength=\"2000\" class=\"wpcf7-form-control wpcf7-textarea\" aria-invalid=\"false\" name=\"textarea-612\"><\/textarea><\/span>\n<\/p>\n<p><b>4) Z jakiego powodu dosz\u0142o do Naruszenia \u2013 co by\u0142o jego przyczyn\u0105:<\/b>\n<\/p>\n<p><span class=\"wpcf7-form-control-wrap\" data-name=\"textarea-612\"><textarea cols=\"40\" rows=\"10\" maxlength=\"2000\" class=\"wpcf7-form-control wpcf7-textarea\" aria-invalid=\"false\" name=\"textarea-612\"><\/textarea><\/span>\n<\/p>\n<h2>IV. Dowody\n<\/h2>\n<p><b>1) Prosz\u0119 wymieni\u0107 dowody potwierdzaj\u0105ce okoliczno\u015bci wskazane w Zg\u0142oszeniu:<\/b>\n<\/p>\n<p><span class=\"wpcf7-form-control-wrap\" data-name=\"textarea-612\"><textarea cols=\"40\" rows=\"10\" maxlength=\"2000\" class=\"wpcf7-form-control wpcf7-textarea\" aria-invalid=\"false\" name=\"textarea-612\"><\/textarea><\/span>\n<\/p>\n<p><b>2) Prosz\u0119 o wskazanie miejsca przechowywania wskazanych powy\u017cej dowod\u00f3w:<\/b>\n<\/p>\n<p><span class=\"wpcf7-form-control-wrap\" data-name=\"textarea-612\"><textarea cols=\"40\" rows=\"10\" maxlength=\"2000\" class=\"wpcf7-form-control wpcf7-textarea\" aria-invalid=\"false\" name=\"textarea-612\"><\/textarea><\/span>\n<\/p>\n<p><b>3) Dokumenty do\u0142\u0105czone do Zg\u0142oszenia:<\/b>\n<\/p>\n<p><span class=\"wpcf7-form-control-wrap\" data-name=\"file-565\"><input size=\"40\" class=\"wpcf7-form-control wpcf7-file\" accept=\".pdf,.doc,.docx,.xlx,.xlsx,.jpg,.png,.gif,.zip\" aria-invalid=\"false\" type=\"file\" name=\"file-565\" \/><\/span><br \/>\n<span class=\"wpcf7-form-control-wrap\" data-name=\"file-566\"><input size=\"40\" class=\"wpcf7-form-control wpcf7-file\" accept=\".pdf,.doc,.docx,.xlx,.xlsx,.jpg,.png,.gif,.zip\" aria-invalid=\"false\" type=\"file\" name=\"file-566\" \/><\/span><br \/>\n<span class=\"wpcf7-form-control-wrap\" data-name=\"file-567\"><input size=\"40\" class=\"wpcf7-form-control wpcf7-file\" accept=\".pdf,.doc,.docx,.xlx,.xlsx,.jpg,.png,.gif,.zip\" aria-invalid=\"false\" type=\"file\" name=\"file-567\" \/><\/span><br \/>\n<span class=\"wpcf7-form-control-wrap\" data-name=\"file-568\"><input size=\"40\" class=\"wpcf7-form-control wpcf7-file\" accept=\".pdf,.doc,.docx,.xlx,.xlsx,.jpg,.png,.gif,.zip\" aria-invalid=\"false\" type=\"file\" name=\"file-568\" \/><\/span><br \/>\n<span class=\"wpcf7-form-control-wrap\" data-name=\"file-569\"><input size=\"40\" class=\"wpcf7-form-control wpcf7-file\" accept=\".pdf,.doc,.docx,.xlx,.xlsx,.jpg,.png,.gif,.zip\" aria-invalid=\"false\" type=\"file\" name=\"file-569\" \/><\/span>\n<\/p>\n<h2>V. Informacje dodatkowe\n<\/h2>\n<p><b>1) Data sporz\u0105dzenia Zg\u0142oszenia:<\/b>\n<\/p>\n<p><span class=\"wpcf7-form-control-wrap\" data-name=\"date-516\"><input class=\"wpcf7-form-control wpcf7-date wpcf7-validates-as-date\" aria-invalid=\"false\" value=\"\" type=\"date\" name=\"date-516\" \/><\/span>\n<\/p>\n<p><b>2) Proponowany spos\u00f3b kontaktu zwrotnego:<\/b>\n<\/p>\n<p><span class=\"wpcf7-form-control-wrap\" data-name=\"text-157\"><input size=\"40\" maxlength=\"400\" class=\"wpcf7-form-control wpcf7-text\" aria-invalid=\"false\" value=\"\" type=\"text\" name=\"text-157\" \/><\/span>\n<\/p>\n<p><b>3) O\u015bwiadczenie o wyra\u017ceniu zgody na ujawnienie danych Sygnalisty osobom zaanga\u017cowanym w wyja\u015bnienie okoliczno\u015bci wskazanych w Zg\u0142oszeniu (nale\u017cy zaznaczy\u0107 w\u0142a\u015bciwe):<\/b>\n<\/p>\n<p><span class=\"wpcf7-form-control-wrap\" data-name=\"acceptance-897\"><span class=\"wpcf7-form-control wpcf7-acceptance\"><span class=\"wpcf7-list-item\"><label><input type=\"checkbox\" name=\"acceptance-897\" value=\"1\" aria-invalid=\"false\" \/><span class=\"wpcf7-list-item-label\">Wyra\u017cam zgod\u0119 na ujawnienie moich danych osobom nieupowa\u017cnionym do wyja\u015bnienia okoliczno\u015bci wskazanych w Zg\u0142oszeniu<\/span><\/label><\/span><\/span><\/span><br \/>\n<span class=\"wpcf7-form-control-wrap\" data-name=\"acceptance-897\"><span class=\"wpcf7-form-control wpcf7-acceptance\"><span class=\"wpcf7-list-item\"><label><input type=\"checkbox\" name=\"acceptance-897\" value=\"1\" aria-invalid=\"false\" \/><span class=\"wpcf7-list-item-label\">Nie wyra\u017cam zgody na ujawnienie moich danych osobom nieupowa\u017cnionym do wyja\u015bnienia okoliczno\u015bci wskazanych w Zg\u0142oszeniu<\/span><\/label><\/span><\/span><\/span>\n<\/p>\n<p><input class=\"wpcf7-form-control wpcf7-submit has-spinner\" type=\"submit\" value=\"Wy\u015blij\" \/>\n<\/p>\n<p><script>\ndocument.addEventListener( 'wpcf7mailsent', function( event ) {\n setTimeout( () => {\n location = 'https:\/\/sohbi.pl\/forms\/dziekujemy\/';\n }, 3000 ); \/\/ Wait for 3 seconds to redirect.\n}, false );\n<\/script>\n<\/p><div class=\"wpcf7-response-output\" aria-hidden=\"true\"><\/div>\n<\/form>\n<\/div>\n\n","protected":false},"excerpt":{"rendered":"","protected":false},"author":1,"featured_media":0,"parent":0,"menu_order":0,"comment_status":"closed","ping_status":"closed","template":"","meta":{"footnotes":""},"class_list":["post-11","page","type-page","status-publish"],"_links":{"self":[{"href":"https:\/\/sohbi.pl\/forms\/wp-json\/wp\/v2\/pages\/11","targetHints":{"allow":["GET"]}}],"collection":[{"href":"https:\/\/sohbi.pl\/forms\/wp-json\/wp\/v2\/pages"}],"about":[{"href":"https:\/\/sohbi.pl\/forms\/wp-json\/wp\/v2\/types\/page"}],"author":[{"embeddable":true,"href":"https:\/\/sohbi.pl\/forms\/wp-json\/wp\/v2\/users\/1"}],"replies":[{"embeddable":true,"href":"https:\/\/sohbi.pl\/forms\/wp-json\/wp\/v2\/comments?post=11"}],"version-history":[{"count":4,"href":"https:\/\/sohbi.pl\/forms\/wp-json\/wp\/v2\/pages\/11\/revisions"}],"predecessor-version":[{"id":29,"href":"https:\/\/sohbi.pl\/forms\/wp-json\/wp\/v2\/pages\/11\/revisions\/29"}],"wp:attachment":[{"href":"https:\/\/sohbi.pl\/forms\/wp-json\/wp\/v2\/media?parent=11"}],"curies":[{"name":"wp","href":"https:\/\/api.w.org\/{rel}","templated":true}]}}